{"id":2531,"date":"2021-10-27T18:06:27","date_gmt":"2021-10-27T21:06:27","guid":{"rendered":"https:\/\/remotatec.com.br\/?page_id=2531"},"modified":"2022-10-17T11:41:31","modified_gmt":"2022-10-17T14:41:31","slug":"contacto","status":"publish","type":"page","link":"https:\/\/www.remotatec.com.br\/es\/contacto\/","title":{"rendered":"Contacto"},"content":{"rendered":"\t\t<div data-elementor-type=\"wp-page\" data-elementor-id=\"2531\" class=\"elementor elementor-2531\" data-elementor-post-type=\"page\">\n\t\t\t\t\t\t<section class=\"elementor-section elementor-top-section elementor-element elementor-element-55e716c elementor-reverse-mobile elementor-reverse-tablet elementor-section-height-min-height elementor-section-items-bottom elementor-section-boxed elementor-section-height-default\" data-id=\"55e716c\" data-element_type=\"section\" data-e-type=\"section\" data-settings=\"{&quot;jet_parallax_layout_list&quot;:[{&quot;jet_parallax_layout_image&quot;:{&quot;url&quot;:&quot;&quot;,&quot;id&quot;:&quot;&quot;,&quot;size&quot;:&quot;&quot;},&quot;_id&quot;:&quot;27262bb&quot;,&quot;jet_parallax_layout_image_tablet&quot;:{&quot;url&quot;:&quot;&quot;,&quot;id&quot;:&quot;&quot;,&quot;size&quot;:&quot;&quot;},&quot;jet_parallax_layout_image_mobile&quot;:{&quot;url&quot;:&quot;&quot;,&quot;id&quot;:&quot;&quot;,&quot;size&quot;:&quot;&quot;},&quot;jet_parallax_layout_speed&quot;:{&quot;unit&quot;:&quot;%&quot;,&quot;size&quot;:50,&quot;sizes&quot;:[]},&quot;jet_parallax_layout_type&quot;:&quot;scroll&quot;,&quot;jet_parallax_layout_direction&quot;:&quot;1&quot;,&quot;jet_parallax_layout_fx_direction&quot;:null,&quot;jet_parallax_layout_z_index&quot;:&quot;&quot;,&quot;jet_parallax_layout_bg_x&quot;:50,&quot;jet_parallax_layout_bg_x_tablet&quot;:&quot;&quot;,&quot;jet_parallax_layout_bg_x_mobile&quot;:&quot;&quot;,&quot;jet_parallax_layout_bg_y&quot;:50,&quot;jet_parallax_layout_bg_y_tablet&quot;:&quot;&quot;,&quot;jet_parallax_layout_bg_y_mobile&quot;:&quot;&quot;,&quot;jet_parallax_layout_bg_size&quot;:&quot;auto&quot;,&quot;jet_parallax_layout_bg_size_tablet&quot;:&quot;&quot;,&quot;jet_parallax_layout_bg_size_mobile&quot;:&quot;&quot;,&quot;jet_parallax_layout_animation_prop&quot;:&quot;transform&quot;,&quot;jet_parallax_layout_on&quot;:[&quot;desktop&quot;,&quot;tablet&quot;]}],&quot;background_background&quot;:&quot;classic&quot;}\">\n\t\t\t\t\t\t<div class=\"elementor-container elementor-column-gap-default\">\n\t\t\t\t\t<div class=\"elementor-column elementor-col-50 elementor-top-column elementor-element elementor-element-bc4c770 elementor-hidden-tablet elementor-hidden-mobile\" data-id=\"bc4c770\" data-element_type=\"column\" data-e-type=\"column\">\n\t\t\t<div class=\"elementor-widget-wrap\">\n\t\t\t\t\t\t\t<\/div>\n\t\t<\/div>\n\t\t\t\t<div class=\"elementor-column elementor-col-50 elementor-top-column elementor-element elementor-element-a3fc150 elementor-hidden-tablet elementor-hidden-mobile\" data-id=\"a3fc150\" data-element_type=\"column\" data-e-type=\"column\">\n\t\t\t<div class=\"elementor-widget-wrap\">\n\t\t\t\t\t\t\t<\/div>\n\t\t<\/div>\n\t\t\t\t\t<\/div>\n\t\t<\/section>\n\t\t\t\t<section class=\"elementor-section elementor-top-section elementor-element elementor-element-2c6b4a78 elementor-section-height-min-height elementor-section-items-top elementor-reverse-tablet elementor-reverse-mobile elementor-section-boxed elementor-section-height-default\" data-id=\"2c6b4a78\" data-element_type=\"section\" data-e-type=\"section\" data-settings=\"{&quot;jet_parallax_layout_list&quot;:[{&quot;jet_parallax_layout_image&quot;:{&quot;url&quot;:&quot;&quot;,&quot;id&quot;:&quot;&quot;,&quot;size&quot;:&quot;&quot;},&quot;_id&quot;:&quot;1fbc37c&quot;,&quot;jet_parallax_layout_image_tablet&quot;:{&quot;url&quot;:&quot;&quot;,&quot;id&quot;:&quot;&quot;,&quot;size&quot;:&quot;&quot;},&quot;jet_parallax_layout_image_mobile&quot;:{&quot;url&quot;:&quot;&quot;,&quot;id&quot;:&quot;&quot;,&quot;size&quot;:&quot;&quot;},&quot;jet_parallax_layout_speed&quot;:{&quot;unit&quot;:&quot;%&quot;,&quot;size&quot;:50,&quot;sizes&quot;:[]},&quot;jet_parallax_layout_type&quot;:&quot;scroll&quot;,&quot;jet_parallax_layout_direction&quot;:&quot;1&quot;,&quot;jet_parallax_layout_fx_direction&quot;:null,&quot;jet_parallax_layout_z_index&quot;:&quot;&quot;,&quot;jet_parallax_layout_bg_x&quot;:50,&quot;jet_parallax_layout_bg_x_tablet&quot;:&quot;&quot;,&quot;jet_parallax_layout_bg_x_mobile&quot;:&quot;&quot;,&quot;jet_parallax_layout_bg_y&quot;:50,&quot;jet_parallax_layout_bg_y_tablet&quot;:&quot;&quot;,&quot;jet_parallax_layout_bg_y_mobile&quot;:&quot;&quot;,&quot;jet_parallax_layout_bg_size&quot;:&quot;auto&quot;,&quot;jet_parallax_layout_bg_size_tablet&quot;:&quot;&quot;,&quot;jet_parallax_layout_bg_size_mobile&quot;:&quot;&quot;,&quot;jet_parallax_layout_animation_prop&quot;:&quot;transform&quot;,&quot;jet_parallax_layout_on&quot;:[&quot;desktop&quot;,&quot;tablet&quot;]}],&quot;background_background&quot;:&quot;classic&quot;}\">\n\t\t\t\t\t\t<div class=\"elementor-container elementor-column-gap-default\">\n\t\t\t\t\t<div class=\"elementor-column elementor-col-50 elementor-top-column elementor-element elementor-element-377ae987\" data-id=\"377ae987\" data-element_type=\"column\" data-e-type=\"column\">\n\t\t\t<div class=\"elementor-widget-wrap elementor-element-populated\">\n\t\t\t\t\t\t<div class=\"elementor-element elementor-element-b4db073 elementor-widget elementor-widget-google_maps\" data-id=\"b4db073\" data-element_type=\"widget\" data-e-type=\"widget\" data-widget_type=\"google_maps.default\">\n\t\t\t\t<div class=\"elementor-widget-container\">\n\t\t\t\t\t\t\t<div class=\"elementor-custom-embed\">\n\t\t\t<iframe loading=\"lazy\"\n\t\t\t\t\tsrc=\"https:\/\/maps.google.com\/maps?q=Rua%20Par%C3%A1%20388%2C%20Itoupava%20Seca%2CBlumenau%2C%20SC%2C%20Brasil%2C%2089030-300&#038;t=m&#038;z=16&#038;output=embed&#038;iwloc=near\"\n\t\t\t\t\ttitle=\"Rua Par\u00e1 388, Itoupava Seca,\r\nBlumenau, SC, Brasil, 89030-300\"\n\t\t\t\t\taria-label=\"Rua Par\u00e1 388, Itoupava Seca,\r\nBlumenau, SC, Brasil, 89030-300\"\n\t\t\t><\/iframe>\n\t\t<\/div>\n\t\t\t\t\t\t<\/div>\n\t\t\t\t<\/div>\n\t\t\t\t<div class=\"elementor-element elementor-element-af646c3 elementor-widget elementor-widget-jet-listing-dynamic-link\" data-id=\"af646c3\" data-element_type=\"widget\" data-e-type=\"widget\" data-widget_type=\"jet-listing-dynamic-link.default\">\n\t\t\t\t<div class=\"elementor-widget-container\">\n\t\t\t\t\t<div class=\"jet-listing jet-listing-dynamic-link\"><a href=\"https:\/\/www.google.com\/maps\/dir\/\/Rua Par\u00e1 388, Itoupava Seca,\r\nBlumenau, SC, Brasil, 89030-300\" class=\"jet-listing-dynamic-link__link\" target=\"_blank\"><i class=\"jet-listing-dynamic-link__icon fas fa-map-marker-alt\" aria-hidden=\"true\"><\/i><span class=\"jet-listing-dynamic-link__label\">Rua Par\u00e1 388, Itoupava Seca,\r\nBlumenau, SC, Brasil, 89030-300<\/span><\/a><\/div>\t\t\t\t<\/div>\n\t\t\t\t<\/div>\n\t\t\t\t<div class=\"elementor-element elementor-element-389c226 elementor-widget elementor-widget-jet-listing-dynamic-link\" data-id=\"389c226\" data-element_type=\"widget\" data-e-type=\"widget\" data-widget_type=\"jet-listing-dynamic-link.default\">\n\t\t\t\t<div class=\"elementor-widget-container\">\n\t\t\t\t\t<div class=\"jet-listing jet-listing-dynamic-link\"><a href=\"tel:+55 47 3323-4999\" class=\"jet-listing-dynamic-link__link\" target=\"_blank\"><i class=\"jet-listing-dynamic-link__icon fas fa-phone-alt\" aria-hidden=\"true\"><\/i><span class=\"jet-listing-dynamic-link__label\">+55 47 3323-4999<\/span><\/a><\/div>\t\t\t\t<\/div>\n\t\t\t\t<\/div>\n\t\t\t\t<div class=\"elementor-element elementor-element-da67fc3 elementor-hidden-desktop elementor-hidden-tablet elementor-hidden-mobile elementor-widget elementor-widget-jet-listing-dynamic-link\" data-id=\"da67fc3\" data-element_type=\"widget\" data-e-type=\"widget\" data-widget_type=\"jet-listing-dynamic-link.default\">\n\t\t\t\t<div class=\"elementor-widget-container\">\n\t\t\t\t\t<div class=\"jet-listing jet-listing-dynamic-link\"><a href=\"https:\/\/api.whatsapp.com\/send?phone=+55 47 3323-4999\" class=\"jet-listing-dynamic-link__link\" target=\"_blank\"><i class=\"jet-listing-dynamic-link__icon fab fa-whatsapp\" aria-hidden=\"true\"><\/i><span class=\"jet-listing-dynamic-link__label\">(47) 3323-4999<\/span><\/a><\/div>\t\t\t\t<\/div>\n\t\t\t\t<\/div>\n\t\t\t\t<div class=\"elementor-element elementor-element-4b5b507 elementor-widget elementor-widget-jet-listing-dynamic-link\" data-id=\"4b5b507\" data-element_type=\"widget\" data-e-type=\"widget\" data-widget_type=\"jet-listing-dynamic-link.default\">\n\t\t\t\t<div class=\"elementor-widget-container\">\n\t\t\t\t\t<div class=\"jet-listing jet-listing-dynamic-link\"><a href=\"mailto:remota@remotatec.com.br\" class=\"jet-listing-dynamic-link__link\" target=\"_blank\"><i class=\"jet-listing-dynamic-link__icon fas fa-envelope\" aria-hidden=\"true\"><\/i><span class=\"jet-listing-dynamic-link__label\">remota@remotatec.com.br<\/span><\/a><\/div>\t\t\t\t<\/div>\n\t\t\t\t<\/div>\n\t\t\t\t\t<\/div>\n\t\t<\/div>\n\t\t\t\t<div class=\"elementor-column elementor-col-50 elementor-top-column elementor-element elementor-element-48979878\" data-id=\"48979878\" data-element_type=\"column\" data-e-type=\"column\">\n\t\t\t<div class=\"elementor-widget-wrap elementor-element-populated\">\n\t\t\t\t\t\t<div class=\"elementor-element elementor-element-5e697d6 elementor-widget-divider--view-line elementor-widget elementor-widget-divider\" data-id=\"5e697d6\" data-element_type=\"widget\" data-e-type=\"widget\" data-widget_type=\"divider.default\">\n\t\t\t\t<div class=\"elementor-widget-container\">\n\t\t\t\t\t\t\t<div class=\"elementor-divider\">\n\t\t\t<span class=\"elementor-divider-separator\">\n\t\t\t\t\t\t<\/span>\n\t\t<\/div>\n\t\t\t\t\t\t<\/div>\n\t\t\t\t<\/div>\n\t\t\t\t<div class=\"elementor-element elementor-element-a8ba1f7 fluentform-widget-submit-button-left fluentform-widget-submit-button-center fluent-form-widget-step-header-yes fluent-form-widget-step-progressbar-yes fluentform-widget-submit-button-custom elementor-widget elementor-widget-fluent-form-widget\" data-id=\"a8ba1f7\" data-element_type=\"widget\" data-e-type=\"widget\" id=\"form-contato\" data-widget_type=\"fluent-form-widget.default\">\n\t\t\t\t<div class=\"elementor-widget-container\">\n\t\t\t\t\t\n            <div class=\"fluentform-widget-wrapper hide-fluent-form-labels fluentform-widget-align-default\">\n\n            \n            <div class='fluentform ff-default fluentform_wrapper_1 ffs_default_wrap'><form data-form_id=\"1\" id=\"fluentform_1\" class=\"frm-fluent-form fluent_form_1 ff-el-form-top ff_form_instance_1_1 ff-form-loading ffs_default\" data-form_instance=\"ff_form_instance_1_1\" method=\"POST\" ><fieldset  style=\"border: none!important;margin: 0!important;padding: 0!important;background-color: transparent!important;box-shadow: none!important;outline: none!important; min-inline-size: 100%;\">\n                    <legend class=\"ff_screen_reader_title\" style=\"display: block; margin: 0!important;padding: 0!important;height: 0!important;text-indent: -999999px;width: 0!important;overflow:hidden;\">Formul\u00e1rio de contato<\/legend><input type='hidden' name='__fluent_form_embded_post_id' value='2531' \/><input type=\"hidden\" id=\"_fluentform_1_fluentformnonce\" name=\"_fluentform_1_fluentformnonce\" value=\"5af06bfc7f\" \/><input type=\"hidden\" name=\"_wp_http_referer\" value=\"\/es\/wp-json\/wp\/v2\/pages\/2531\" \/><div data-name=\"ff_cn_id_1\"  class='ff-t-container ff-column-container ff_columns_total_2 '><div class='ff-t-cell ff-t-column-1' style='flex-basis: 50%;'><div class='ff-el-group'><div class=\"ff-el-input--label ff-el-is-required asterisk-right\"><label for='ff_1_nome' id='label_ff_1_nome' aria-label=\"Nome\">Nome<\/label><\/div><div class='ff-el-input--content'><input type=\"text\" name=\"nome\" class=\"ff-el-form-control\" placeholder=\"Nome*\" data-name=\"nome\" id=\"ff_1_nome\"  aria-invalid=\"false\" aria-required=true><\/div><\/div><\/div><div class='ff-t-cell ff-t-column-2' style='flex-basis: 50%;'><div class='ff-el-group'><div class=\"ff-el-input--label ff-el-is-required asterisk-right\"><label for='ff_1_telefone' id='label_ff_1_telefone' aria-label=\"Telefone*\">Telefone*<\/label><\/div><div class='ff-el-input--content'><input name=\"telefone\" class=\"ff-el-form-control ff-el-phone mascara_telefone_nono_digito\" type=\"tel\" placeholder=\"Telefone*\" data-name=\"telefone\" id=\"ff_1_telefone\" inputmode=\"tel\"  aria-invalid='false' aria-required=true><\/div><\/div><\/div><\/div><div class='ff-el-group'><div class=\"ff-el-input--label ff-el-is-required asterisk-right\"><label for='ff_1_email' id='label_ff_1_email' aria-label=\"Seu E-mail\">Seu E-mail<\/label><\/div><div class='ff-el-input--content'><input type=\"email\" name=\"email\" id=\"ff_1_email\" class=\"ff-el-form-control\" placeholder=\"Seu E-mail*\" data-name=\"email\"  aria-invalid=\"false\" aria-required=true><\/div><\/div><div class='ff-el-group ff-el-form-hide_label'><div class=\"ff-el-input--label ff-el-is-required asterisk-right\"><label for='ff_1_dropdown' id='label_ff_1_dropdown' aria-label=\"Assunto*\">Assunto*<\/label><\/div><div class='ff-el-input--content'><select name=\"dropdown\" id=\"ff_1_dropdown\" class=\"ff-el-form-control\" data-name=\"dropdown\" data-calc_value=\"0\"  aria-invalid=\"false\" aria-required=\"true\" aria-labelledby=\"label_ff_1_dropdown\"><option value=\"\">Assunto*<\/option><option value=\"Comercial\"  >Comercial<\/option><option value=\"Financeiro\"  >Financeiro<\/option><option value=\"Vagas\"  >Vagas<\/option><\/select><\/div><\/div><div class='ff-el-group'><div class=\"ff-el-input--label ff-el-is-required asterisk-right\"><label for='ff_1_mensagem' id='label_ff_1_mensagem' aria-label=\"Mensagem\">Mensagem<\/label><\/div><div class='ff-el-input--content'><textarea aria-required=\"true\" aria-labelledby=\"label_ff_1_mensagem\" name=\"mensagem\" id=\"ff_1_mensagem\" class=\"ff-el-form-control\" placeholder=\"Mensagem*\" rows=\"4\" cols=\"2\" data-name=\"mensagem\" ><\/textarea><\/div><\/div><div data-name=\"ff_cn_id_2\"  class='ff-t-container ff-column-container ff_columns_total_1 '><div class='ff-t-cell ff-t-column-1' style='flex-basis: 100%;'><div class='ff-el-group  link-politica  ff-el-input--content'><div class='ff-el-form-check ff-el-tc'><label aria-label='T\u00e9rminos y condiciones: Concordo com as pol\u00edticas e termos de uso Contiene 1 enlace. Usa la navegaci\u00f3n por pesta\u00f1as para rese\u00f1ar.' class='ff-el-form-check-label ff_tc_label' for=terms-n-condition_7d4cf1344f43310895a3b87942a70ddb><span class='ff_tc_checkbox'><input type=\"checkbox\" name=\"terms-n-condition\" class=\"ff-el-form-check-input\" data-name=\"terms-n-condition\" id=\"terms-n-condition_7d4cf1344f43310895a3b87942a70ddb\"  value='on' aria-invalid='false' aria-required=true><\/span> <div class='ff_t_c'><p>Concordo com as <a href=\"\/politica-de-privacidade\">pol\u00edticas e termos de uso<\/a><\/p><\/div><\/label><\/div><\/div><\/div><\/div><div class='ff-el-group ff-text-left ff_submit_btn_wrapper'><button type=\"submit\" class=\"ff-btn ff-btn-submit ff-btn-md ff_btn_style\"  aria-label=\"ENVIAR\">ENVIAR<\/button><\/div><\/fieldset><\/form><div id='fluentform_1_errors' class='ff-errors-in-stack ff_form_instance_1_1 ff-form-loading_errors ff_form_instance_1_1_errors'><\/div><\/div>            <script type=\"text\/javascript\">\n                window.fluent_form_ff_form_instance_1_1 = {\"id\":\"1\",\"ajaxUrl\":\"https:\\\/\\\/www.remotatec.com.br\\\/wp-admin\\\/admin-ajax.php\",\"settings\":{\"layout\":{\"labelPlacement\":\"top\",\"helpMessagePlacement\":\"with_label\",\"errorMessagePlacement\":\"inline\",\"cssClassName\":\"\",\"asteriskPlacement\":\"asterisk-right\"},\"restrictions\":{\"denyEmptySubmission\":{\"enabled\":false}}},\"form_instance\":\"ff_form_instance_1_1\",\"form_id_selector\":\"fluentform_1\",\"rules\":{\"nome\":{\"required\":{\"value\":true,\"message\":\"Obrigat\\u00f3rio\"}},\"telefone\":{\"required\":{\"value\":true,\"message\":\"Obrigat\\u00f3rio\"},\"valid_phone_number\":{\"value\":false,\"message\":\"Phone number is not valid\"}},\"email\":{\"required\":{\"value\":true,\"message\":\"Obrigat\\u00f3rio\"},\"email\":{\"value\":true,\"message\":\"This field must contain a valid email\"}},\"dropdown\":{\"required\":{\"value\":true,\"message\":\"Obrigat\\u00f3rio\"}},\"mensagem\":{\"required\":{\"value\":true,\"message\":\"Obrigat\\u00f3rio\"}},\"terms-n-condition\":{\"required\":{\"value\":true,\"message\":\"Obrigat\\u00f3rio\"}}},\"debounce_time\":300};\n                            <\/script>\n                        <\/div>\n\n            \t\t\t\t<\/div>\n\t\t\t\t<\/div>\n\t\t\t\t\t<\/div>\n\t\t<\/div>\n\t\t\t\t\t<\/div>\n\t\t<\/section>\n\t\t\t\t<\/div>\n\t\t","protected":false},"excerpt":{"rendered":"<p>Nome Telefone* Seu E-mail Assunto* Assunto*ComercialFinanceiroVagasMensagem Concordo com as pol\u00edticas e termos de uso ENVIAR<\/p>","protected":false},"author":1,"featured_media":0,"parent":0,"menu_order":5,"comment_status":"closed","ping_status":"closed","template":"elementor_header_footer","meta":{"footnotes":""},"class_list":["post-2531","page","type-page","status-publish","hentry"],"yoast_head":"<!-- This site is optimized with the Yoast SEO plugin v27.5 - https:\/\/yoast.com\/product\/yoast-seo-wordpress\/ -->\n<title>Contato - REMOTATEC\u00ae<\/title>\n<meta name=\"robots\" content=\"index, follow, max-snippet:-1, max-image-preview:large, max-video-preview:-1\" \/>\n<link rel=\"canonical\" href=\"https:\/\/www.remotatec.com.br\/es\/contacto\/\" \/>\n<meta property=\"og:locale\" content=\"es_ES\" \/>\n<meta property=\"og:type\" content=\"article\" \/>\n<meta property=\"og:title\" content=\"Contato - REMOTATEC\u00ae\" \/>\n<meta property=\"og:description\" content=\"Nome Telefone* Seu E-mail Assunto* Assunto*ComercialFinanceiroVagasMensagem Concordo com as pol\u00edticas e termos de uso ENVIAR\" \/>\n<meta property=\"og:url\" content=\"https:\/\/www.remotatec.com.br\/es\/contacto\/\" \/>\n<meta property=\"og:site_name\" content=\"REMOTATEC\u00ae\" \/>\n<meta property=\"article:modified_time\" content=\"2022-10-17T14:41:31+00:00\" \/>\n<meta name=\"twitter:card\" content=\"summary_large_image\" \/>\n<meta name=\"twitter:label1\" content=\"Tiempo de lectura\" \/>\n\t<meta name=\"twitter:data1\" content=\"1 minuto\" \/>\n<script type=\"application\/ld+json\" class=\"yoast-schema-graph\">{\"@context\":\"https:\\\/\\\/schema.org\",\"@graph\":[{\"@type\":\"WebPage\",\"@id\":\"https:\\\/\\\/www.remotatec.com.br\\\/br\\\/contato\\\/\",\"url\":\"https:\\\/\\\/www.remotatec.com.br\\\/br\\\/contato\\\/\",\"name\":\"Contato - REMOTATEC\u00ae\",\"isPartOf\":{\"@id\":\"https:\\\/\\\/www.remotatec.com.br\\\/br\\\/#website\"},\"datePublished\":\"2021-10-27T21:06:27+00:00\",\"dateModified\":\"2022-10-17T14:41:31+00:00\",\"breadcrumb\":{\"@id\":\"https:\\\/\\\/www.remotatec.com.br\\\/br\\\/contato\\\/#breadcrumb\"},\"inLanguage\":\"es\",\"potentialAction\":[{\"@type\":\"ReadAction\",\"target\":[\"https:\\\/\\\/www.remotatec.com.br\\\/br\\\/contato\\\/\"]}]},{\"@type\":\"BreadcrumbList\",\"@id\":\"https:\\\/\\\/www.remotatec.com.br\\\/br\\\/contato\\\/#breadcrumb\",\"itemListElement\":[{\"@type\":\"ListItem\",\"position\":1,\"name\":\"In\u00edcio\",\"item\":\"https:\\\/\\\/www.remotatec.com.br\\\/br\\\/\"},{\"@type\":\"ListItem\",\"position\":2,\"name\":\"Contato\"}]},{\"@type\":\"WebSite\",\"@id\":\"https:\\\/\\\/www.remotatec.com.br\\\/br\\\/#website\",\"url\":\"https:\\\/\\\/www.remotatec.com.br\\\/br\\\/\",\"name\":\"REMOTATEC\u00ae\",\"description\":\"Tecnologia em Comunica\u00e7\u00e3o\",\"publisher\":{\"@id\":\"https:\\\/\\\/www.remotatec.com.br\\\/br\\\/#organization\"},\"potentialAction\":[{\"@type\":\"SearchAction\",\"target\":{\"@type\":\"EntryPoint\",\"urlTemplate\":\"https:\\\/\\\/www.remotatec.com.br\\\/br\\\/?s={search_term_string}\"},\"query-input\":{\"@type\":\"PropertyValueSpecification\",\"valueRequired\":true,\"valueName\":\"search_term_string\"}}],\"inLanguage\":\"es\"},{\"@type\":\"Organization\",\"@id\":\"https:\\\/\\\/www.remotatec.com.br\\\/br\\\/#organization\",\"name\":\"REMOTATEC\u00ae\",\"url\":\"https:\\\/\\\/www.remotatec.com.br\\\/br\\\/\",\"logo\":{\"@type\":\"ImageObject\",\"inLanguage\":\"es\",\"@id\":\"https:\\\/\\\/www.remotatec.com.br\\\/br\\\/#\\\/schema\\\/logo\\\/image\\\/\",\"url\":\"https:\\\/\\\/www.remotatec.com.br\\\/wp-content\\\/uploads\\\/2021\\\/12\\\/logo-remotatec.svg\",\"contentUrl\":\"https:\\\/\\\/www.remotatec.com.br\\\/wp-content\\\/uploads\\\/2021\\\/12\\\/logo-remotatec.svg\",\"width\":226.94999999999998863131622783839702606201171875,\"height\":39.530000000000001136868377216160297393798828125,\"caption\":\"REMOTATEC\u00ae\"},\"image\":{\"@id\":\"https:\\\/\\\/www.remotatec.com.br\\\/br\\\/#\\\/schema\\\/logo\\\/image\\\/\"},\"sameAs\":[\"https:\\\/\\\/www.linkedin.com\\\/company\\\/remotatec\\\/\",\"https:\\\/\\\/www.youtube.com\\\/channel\\\/UC4VaeFIp10CDSiGE2vdGizg\"]}]}<\/script>\n<!-- \/ Yoast SEO plugin. -->","yoast_head_json":{"title":"Contato - REMOTATEC\u00ae","robots":{"index":"index","follow":"follow","max-snippet":"max-snippet:-1","max-image-preview":"max-image-preview:large","max-video-preview":"max-video-preview:-1"},"canonical":"https:\/\/www.remotatec.com.br\/es\/contacto\/","og_locale":"es_ES","og_type":"article","og_title":"Contato - REMOTATEC\u00ae","og_description":"Nome Telefone* Seu E-mail Assunto* Assunto*ComercialFinanceiroVagasMensagem Concordo com as pol\u00edticas e termos de uso ENVIAR","og_url":"https:\/\/www.remotatec.com.br\/es\/contacto\/","og_site_name":"REMOTATEC\u00ae","article_modified_time":"2022-10-17T14:41:31+00:00","twitter_card":"summary_large_image","twitter_misc":{"Tiempo de lectura":"1 minuto"},"schema":{"@context":"https:\/\/schema.org","@graph":[{"@type":"WebPage","@id":"https:\/\/www.remotatec.com.br\/br\/contato\/","url":"https:\/\/www.remotatec.com.br\/br\/contato\/","name":"Contato - REMOTATEC\u00ae","isPartOf":{"@id":"https:\/\/www.remotatec.com.br\/br\/#website"},"datePublished":"2021-10-27T21:06:27+00:00","dateModified":"2022-10-17T14:41:31+00:00","breadcrumb":{"@id":"https:\/\/www.remotatec.com.br\/br\/contato\/#breadcrumb"},"inLanguage":"es","potentialAction":[{"@type":"ReadAction","target":["https:\/\/www.remotatec.com.br\/br\/contato\/"]}]},{"@type":"BreadcrumbList","@id":"https:\/\/www.remotatec.com.br\/br\/contato\/#breadcrumb","itemListElement":[{"@type":"ListItem","position":1,"name":"In\u00edcio","item":"https:\/\/www.remotatec.com.br\/br\/"},{"@type":"ListItem","position":2,"name":"Contato"}]},{"@type":"WebSite","@id":"https:\/\/www.remotatec.com.br\/br\/#website","url":"https:\/\/www.remotatec.com.br\/br\/","name":"REMOTATEC\u00ae","description":"Tecnologia em Comunica\u00e7\u00e3o","publisher":{"@id":"https:\/\/www.remotatec.com.br\/br\/#organization"},"potentialAction":[{"@type":"SearchAction","target":{"@type":"EntryPoint","urlTemplate":"https:\/\/www.remotatec.com.br\/br\/?s={search_term_string}"},"query-input":{"@type":"PropertyValueSpecification","valueRequired":true,"valueName":"search_term_string"}}],"inLanguage":"es"},{"@type":"Organization","@id":"https:\/\/www.remotatec.com.br\/br\/#organization","name":"REMOTATEC\u00ae","url":"https:\/\/www.remotatec.com.br\/br\/","logo":{"@type":"ImageObject","inLanguage":"es","@id":"https:\/\/www.remotatec.com.br\/br\/#\/schema\/logo\/image\/","url":"https:\/\/www.remotatec.com.br\/wp-content\/uploads\/2021\/12\/logo-remotatec.svg","contentUrl":"https:\/\/www.remotatec.com.br\/wp-content\/uploads\/2021\/12\/logo-remotatec.svg","width":226.94999999999998863131622783839702606201171875,"height":39.530000000000001136868377216160297393798828125,"caption":"REMOTATEC\u00ae"},"image":{"@id":"https:\/\/www.remotatec.com.br\/br\/#\/schema\/logo\/image\/"},"sameAs":["https:\/\/www.linkedin.com\/company\/remotatec\/","https:\/\/www.youtube.com\/channel\/UC4VaeFIp10CDSiGE2vdGizg"]}]}},"_links":{"self":[{"href":"https:\/\/www.remotatec.com.br\/es\/wp-json\/wp\/v2\/pages\/2531","targetHints":{"allow":["GET"]}}],"collection":[{"href":"https:\/\/www.remotatec.com.br\/es\/wp-json\/wp\/v2\/pages"}],"about":[{"href":"https:\/\/www.remotatec.com.br\/es\/wp-json\/wp\/v2\/types\/page"}],"author":[{"embeddable":true,"href":"https:\/\/www.remotatec.com.br\/es\/wp-json\/wp\/v2\/users\/1"}],"replies":[{"embeddable":true,"href":"https:\/\/www.remotatec.com.br\/es\/wp-json\/wp\/v2\/comments?post=2531"}],"version-history":[{"count":0,"href":"https:\/\/www.remotatec.com.br\/es\/wp-json\/wp\/v2\/pages\/2531\/revisions"}],"wp:attachment":[{"href":"https:\/\/www.remotatec.com.br\/es\/wp-json\/wp\/v2\/media?parent=2531"}],"curies":[{"name":"wp","href":"https:\/\/api.w.org\/{rel}","templated":true}]}}