{"id":10102,"date":"2022-07-29T13:53:44","date_gmt":"2022-07-29T16:53:44","guid":{"rendered":"https:\/\/remotatec.com.br\/?page_id=10102"},"modified":"2024-06-04T09:56:22","modified_gmt":"2024-06-04T12:56:22","slug":"servicios","status":"publish","type":"page","link":"http:\/\/www.remotatec.com.br\/es\/servicios\/","title":{"rendered":"Servicios"},"content":{"rendered":"\t\t<div data-elementor-type=\"wp-page\" data-elementor-id=\"10102\" class=\"elementor elementor-10102\" data-elementor-post-type=\"page\">\n\t\t\t\t\t\t<section class=\"elementor-section elementor-top-section elementor-element elementor-element-565b37e elementor-section-height-min-height elementor-section-boxed elementor-section-height-default elementor-section-items-middle\" data-id=\"565b37e\" data-element_type=\"section\" data-e-type=\"section\" data-settings=\"{&quot;background_background&quot;:&quot;classic&quot;,&quot;jet_parallax_layout_list&quot;:[{&quot;_id&quot;:&quot;037572a&quot;,&quot;jet_parallax_layout_image&quot;:{&quot;url&quot;:&quot;&quot;,&quot;id&quot;:&quot;&quot;,&quot;size&quot;:&quot;&quot;},&quot;jet_parallax_layout_image_tablet&quot;:{&quot;url&quot;:&quot;&quot;,&quot;id&quot;:&quot;&quot;,&quot;size&quot;:&quot;&quot;},&quot;jet_parallax_layout_image_mobile&quot;:{&quot;url&quot;:&quot;&quot;,&quot;id&quot;:&quot;&quot;,&quot;size&quot;:&quot;&quot;},&quot;jet_parallax_layout_speed&quot;:{&quot;unit&quot;:&quot;%&quot;,&quot;size&quot;:50,&quot;sizes&quot;:[]},&quot;jet_parallax_layout_type&quot;:&quot;scroll&quot;,&quot;jet_parallax_layout_direction&quot;:&quot;1&quot;,&quot;jet_parallax_layout_fx_direction&quot;:null,&quot;jet_parallax_layout_z_index&quot;:&quot;&quot;,&quot;jet_parallax_layout_bg_x&quot;:50,&quot;jet_parallax_layout_bg_x_tablet&quot;:&quot;&quot;,&quot;jet_parallax_layout_bg_x_mobile&quot;:&quot;&quot;,&quot;jet_parallax_layout_bg_y&quot;:50,&quot;jet_parallax_layout_bg_y_tablet&quot;:&quot;&quot;,&quot;jet_parallax_layout_bg_y_mobile&quot;:&quot;&quot;,&quot;jet_parallax_layout_bg_size&quot;:&quot;auto&quot;,&quot;jet_parallax_layout_bg_size_tablet&quot;:&quot;&quot;,&quot;jet_parallax_layout_bg_size_mobile&quot;:&quot;&quot;,&quot;jet_parallax_layout_animation_prop&quot;:&quot;transform&quot;,&quot;jet_parallax_layout_on&quot;:[&quot;desktop&quot;,&quot;tablet&quot;]}]}\">\n\t\t\t\t\t\t<div class=\"elementor-container elementor-column-gap-default\">\n\t\t\t\t\t<div class=\"elementor-column elementor-col-50 elementor-top-column elementor-element elementor-element-8a93022\" data-id=\"8a93022\" data-element_type=\"column\" data-e-type=\"column\">\n\t\t\t<div class=\"elementor-widget-wrap elementor-element-populated\">\n\t\t\t\t\t\t<div class=\"elementor-element elementor-element-72d2242 elementor-widget-divider--view-line elementor-widget elementor-widget-divider\" data-id=\"72d2242\" data-element_type=\"widget\" data-e-type=\"widget\" data-widget_type=\"divider.default\">\n\t\t\t\t<div class=\"elementor-widget-container\">\n\t\t\t\t\t\t\t<div class=\"elementor-divider\">\n\t\t\t<span class=\"elementor-divider-separator\">\n\t\t\t\t\t\t<\/span>\n\t\t<\/div>\n\t\t\t\t\t\t<\/div>\n\t\t\t\t<\/div>\n\t\t\t\t<div class=\"elementor-element elementor-element-1a3ae7c elementor-widget elementor-widget-heading\" data-id=\"1a3ae7c\" data-element_type=\"widget\" data-e-type=\"widget\" data-widget_type=\"heading.default\">\n\t\t\t\t<div class=\"elementor-widget-container\">\n\t\t\t\t\t<h2 class=\"elementor-heading-title elementor-size-default\">GARANTIA DE QUALIDADE\nANTES, DURANTE E DEPOIS\nDE CADA PROJETO<\/h2>\t\t\t\t<\/div>\n\t\t\t\t<\/div>\n\t\t\t\t\t<\/div>\n\t\t<\/div>\n\t\t\t\t<div class=\"elementor-column elementor-col-50 elementor-top-column elementor-element elementor-element-54cd1db elementor-hidden-tablet elementor-hidden-mobile\" data-id=\"54cd1db\" data-element_type=\"column\" data-e-type=\"column\">\n\t\t\t<div class=\"elementor-widget-wrap\">\n\t\t\t\t\t\t\t<\/div>\n\t\t<\/div>\n\t\t\t\t\t<\/div>\n\t\t<\/section>\n\t\t\t\t<section class=\"elementor-section elementor-top-section elementor-element elementor-element-90d081e elementor-section-boxed elementor-section-height-default elementor-section-height-default\" data-id=\"90d081e\" data-element_type=\"section\" data-e-type=\"section\" data-settings=\"{&quot;jet_parallax_layout_list&quot;:[{&quot;jet_parallax_layout_image&quot;:{&quot;url&quot;:&quot;&quot;,&quot;id&quot;:&quot;&quot;,&quot;size&quot;:&quot;&quot;},&quot;_id&quot;:&quot;e250271&quot;,&quot;jet_parallax_layout_image_tablet&quot;:{&quot;url&quot;:&quot;&quot;,&quot;id&quot;:&quot;&quot;,&quot;size&quot;:&quot;&quot;},&quot;jet_parallax_layout_image_mobile&quot;:{&quot;url&quot;:&quot;&quot;,&quot;id&quot;:&quot;&quot;,&quot;size&quot;:&quot;&quot;},&quot;jet_parallax_layout_speed&quot;:{&quot;unit&quot;:&quot;%&quot;,&quot;size&quot;:50,&quot;sizes&quot;:[]},&quot;jet_parallax_layout_type&quot;:&quot;scroll&quot;,&quot;jet_parallax_layout_direction&quot;:&quot;1&quot;,&quot;jet_parallax_layout_fx_direction&quot;:null,&quot;jet_parallax_layout_z_index&quot;:&quot;&quot;,&quot;jet_parallax_layout_bg_x&quot;:50,&quot;jet_parallax_layout_bg_x_tablet&quot;:&quot;&quot;,&quot;jet_parallax_layout_bg_x_mobile&quot;:&quot;&quot;,&quot;jet_parallax_layout_bg_y&quot;:50,&quot;jet_parallax_layout_bg_y_tablet&quot;:&quot;&quot;,&quot;jet_parallax_layout_bg_y_mobile&quot;:&quot;&quot;,&quot;jet_parallax_layout_bg_size&quot;:&quot;auto&quot;,&quot;jet_parallax_layout_bg_size_tablet&quot;:&quot;&quot;,&quot;jet_parallax_layout_bg_size_mobile&quot;:&quot;&quot;,&quot;jet_parallax_layout_animation_prop&quot;:&quot;transform&quot;,&quot;jet_parallax_layout_on&quot;:[&quot;desktop&quot;,&quot;tablet&quot;]}]}\">\n\t\t\t\t\t\t<div class=\"elementor-container elementor-column-gap-no\">\n\t\t\t\t\t<div class=\"elementor-column elementor-col-100 elementor-top-column elementor-element elementor-element-5d5b46a\" data-id=\"5d5b46a\" data-element_type=\"column\" data-e-type=\"column\">\n\t\t\t<div class=\"elementor-widget-wrap elementor-element-populated\">\n\t\t\t\t\t\t<div class=\"elementor-element elementor-element-67b5bdd elementor-widget elementor-widget-heading\" data-id=\"67b5bdd\" data-element_type=\"widget\" data-e-type=\"widget\" data-widget_type=\"heading.default\">\n\t\t\t\t<div class=\"elementor-widget-container\">\n\t\t\t\t\t<h2 class=\"elementor-heading-title elementor-size-default\">Agilidade<\/h2>\t\t\t\t<\/div>\n\t\t\t\t<\/div>\n\t\t\t\t<div class=\"elementor-element elementor-element-9b8d530 elementor-widget elementor-widget-text-editor\" data-id=\"9b8d530\" data-element_type=\"widget\" data-e-type=\"widget\" data-widget_type=\"text-editor.default\">\n\t\t\t\t<div class=\"elementor-widget-container\">\n\t\t\t\t\t\t\t\t\t<p>A Remotatec se compromete plenamente em cada fase de seus projetos, desde o planejamento at\u00e9 o suporte p\u00f3s-implanta\u00e7\u00e3o. Nossos servi\u00e7os abrangem Projetos, Implanta\u00e7\u00e3o e Suporte, garantindo a qualidade e efici\u00eancia necess\u00e1rias para opera\u00e7\u00f5es cr\u00edticas.<\/p><p>Contamos com uma equipe experiente em desenvolver e implementar solu\u00e7\u00f5es personalizadas para sistemas cr\u00edticos. Nosso objetivo \u00e9 assegurar que cada projeto seja gerenciado e conclu\u00eddo com excel\u00eancia, adaptando-se \u00e0s necessidades de cada empresa. Cada novo projeto passa por an\u00e1lise de necessidades, elabora\u00e7\u00e3o de proposta com diagrama do sistema e defini\u00e7\u00e3o de cronograma.<\/p><p>As etapas fundamentais incluem:<\/p><ul><li>Levantamento das necessidades;<\/li><li>Desenvolvimento e apresenta\u00e7\u00e3o da proposta, incluindo diagrama do sistema e cronograma de execu\u00e7\u00e3o;<\/li><li>Ap\u00f3s a aprova\u00e7\u00e3o do contrato, iniciamos a implanta\u00e7\u00e3o conforme o cronograma acordado.<\/li><\/ul>\t\t\t\t\t\t\t\t<\/div>\n\t\t\t\t<\/div>\n\t\t\t\t<div class=\"elementor-element elementor-element-013fcba elementor-widget elementor-widget-image\" data-id=\"013fcba\" data-element_type=\"widget\" data-e-type=\"widget\" data-widget_type=\"image.default\">\n\t\t\t\t<div class=\"elementor-widget-container\">\n\t\t\t\t\t\t\t\t\t\t\t\t\t\t\t<img fetchpriority=\"high\" decoding=\"async\" width=\"768\" height=\"379\" src=\"https:\/\/www.remotatec.com.br\/wp-content\/uploads\/2022\/07\/servicos-768x379.png\" class=\"attachment-medium_large size-medium_large wp-image-10114\" alt=\"\" srcset=\"https:\/\/www.remotatec.com.br\/wp-content\/uploads\/2022\/07\/servicos-768x379.png 768w, https:\/\/www.remotatec.com.br\/wp-content\/uploads\/2022\/07\/servicos-300x148.png 300w, https:\/\/www.remotatec.com.br\/wp-content\/uploads\/2022\/07\/servicos.png 820w\" sizes=\"(max-width: 768px) 100vw, 768px\" \/>\t\t\t\t\t\t\t\t\t\t\t\t\t\t\t<\/div>\n\t\t\t\t<\/div>\n\t\t\t\t<div class=\"elementor-element elementor-element-083f46e elementor-widget elementor-widget-heading\" data-id=\"083f46e\" data-element_type=\"widget\" data-e-type=\"widget\" data-widget_type=\"heading.default\">\n\t\t\t\t<div class=\"elementor-widget-container\">\n\t\t\t\t\t<h2 class=\"elementor-heading-title elementor-size-default\">Implanta\u00e7\u00e3o<\/h2>\t\t\t\t<\/div>\n\t\t\t\t<\/div>\n\t\t\t\t<div class=\"elementor-element elementor-element-12910ca elementor-widget elementor-widget-text-editor\" data-id=\"12910ca\" data-element_type=\"widget\" data-e-type=\"widget\" data-widget_type=\"text-editor.default\">\n\t\t\t\t<div class=\"elementor-widget-container\">\n\t\t\t\t\t\t\t\t\t<p>A Remotatec oferece o servi\u00e7o de implanta\u00e7\u00e3o no local para garantir que os sistemas sejam instalados e configurados de forma correta e otimizada para as necessidades operacionais dos clientes. As etapas essenciais para o desenvolvimento de um projeto incluem:<\/p><ul><li>Instala\u00e7\u00e3o f\u00edsica;<\/li><li>Servi\u00e7os de configura\u00e7\u00e3o;<\/li><li>Treinamento (presencial e\/ou remoto);<\/li><li>Opera\u00e7\u00e3o assistida.<\/li><\/ul>\t\t\t\t\t\t\t\t<\/div>\n\t\t\t\t<\/div>\n\t\t\t\t<div class=\"elementor-element elementor-element-d1410f3 elementor-widget elementor-widget-heading\" data-id=\"d1410f3\" data-element_type=\"widget\" data-e-type=\"widget\" data-widget_type=\"heading.default\">\n\t\t\t\t<div class=\"elementor-widget-container\">\n\t\t\t\t\t<h2 class=\"elementor-heading-title elementor-size-default\">Suporte<\/h2>\t\t\t\t<\/div>\n\t\t\t\t<\/div>\n\t\t\t\t<div class=\"elementor-element elementor-element-12a2618 elementor-widget elementor-widget-text-editor\" data-id=\"12a2618\" data-element_type=\"widget\" data-e-type=\"widget\" data-widget_type=\"text-editor.default\">\n\t\t\t\t<div class=\"elementor-widget-container\">\n\t\t\t\t\t\t\t\t\t<p>A Remotatec conta com uma equipe t\u00e9cnica especializada pronta para atend\u00ea-lo com pacotes flex\u00edveis de suporte remoto, presencial, manuten\u00e7\u00e3o preventiva e corretiva.<\/p><p>Para obter mais informa\u00e7\u00f5es sobre nossos servi\u00e7os, entre em contato:<\/p>\t\t\t\t\t\t\t\t<\/div>\n\t\t\t\t<\/div>\n\t\t\t\t<div class=\"elementor-element elementor-element-f8b0e90 elementor-widget elementor-widget-jet-listing-dynamic-link\" data-id=\"f8b0e90\" data-element_type=\"widget\" data-e-type=\"widget\" data-widget_type=\"jet-listing-dynamic-link.default\">\n\t\t\t\t<div class=\"elementor-widget-container\">\n\t\t\t\t\t<div class=\"jet-listing jet-listing-dynamic-link\"><a href=\"tel:+55 47 3323-4999\" class=\"jet-listing-dynamic-link__link\" target=\"_blank\"><i class=\"jet-listing-dynamic-link__icon fas fa-phone-alt\" aria-hidden=\"true\"><\/i><span class=\"jet-listing-dynamic-link__label\">+55 47 3323-4999<\/span><\/a><\/div>\t\t\t\t<\/div>\n\t\t\t\t<\/div>\n\t\t\t\t<div class=\"elementor-element elementor-element-22b020d elementor-widget elementor-widget-jet-listing-dynamic-link\" data-id=\"22b020d\" data-element_type=\"widget\" data-e-type=\"widget\" data-widget_type=\"jet-listing-dynamic-link.default\">\n\t\t\t\t<div class=\"elementor-widget-container\">\n\t\t\t\t\t<div class=\"jet-listing jet-listing-dynamic-link\"><a href=\"https:\/\/api.whatsapp.com\/send?phone=+55 47 3323-4999\" class=\"jet-listing-dynamic-link__link\" target=\"_blank\"><i class=\"jet-listing-dynamic-link__icon fab fa-whatsapp\" aria-hidden=\"true\"><\/i><span class=\"jet-listing-dynamic-link__label\">(47) 3323-4999<\/span><\/a><\/div>\t\t\t\t<\/div>\n\t\t\t\t<\/div>\n\t\t\t\t<div class=\"elementor-element elementor-element-477d593 elementor-widget elementor-widget-jet-listing-dynamic-link\" data-id=\"477d593\" data-element_type=\"widget\" data-e-type=\"widget\" data-widget_type=\"jet-listing-dynamic-link.default\">\n\t\t\t\t<div class=\"elementor-widget-container\">\n\t\t\t\t\t<div class=\"jet-listing jet-listing-dynamic-link\"><a href=\"mailto:remota@remotatec.com.br\" class=\"jet-listing-dynamic-link__link\" target=\"_blank\"><i class=\"jet-listing-dynamic-link__icon fas fa-envelope\" aria-hidden=\"true\"><\/i><span class=\"jet-listing-dynamic-link__label\">remota@remotatec.com.br<\/span><\/a><\/div>\t\t\t\t<\/div>\n\t\t\t\t<\/div>\n\t\t\t\t<div class=\"elementor-element elementor-element-b2086d7 elementor-widget elementor-widget-jet-listing-dynamic-link\" data-id=\"b2086d7\" data-element_type=\"widget\" data-e-type=\"widget\" data-widget_type=\"jet-listing-dynamic-link.default\">\n\t\t\t\t<div class=\"elementor-widget-container\">\n\t\t\t\t\t<div class=\"jet-listing jet-listing-dynamic-link\"><a href=\"https:\/\/www.google.com\/maps\/dir\/\/Rua Par\u00e1 388, Itoupava Seca,\r\nBlumenau, SC, Brasil, 89030-300\" class=\"jet-listing-dynamic-link__link\" target=\"_blank\"><i class=\"jet-listing-dynamic-link__icon fas fa-map-marker-alt\" aria-hidden=\"true\"><\/i><span class=\"jet-listing-dynamic-link__label\">Rua Par\u00e1 388, Itoupava Seca,\r\nBlumenau, SC, Brasil, 89030-300<\/span><\/a><\/div>\t\t\t\t<\/div>\n\t\t\t\t<\/div>\n\t\t\t\t\t<\/div>\n\t\t<\/div>\n\t\t\t\t\t<\/div>\n\t\t<\/section>\n\t\t\t\t<\/div>\n\t\t","protected":false},"excerpt":{"rendered":"<p>GARANTIA DE QUALIDADE ANTES, DURANTE E DEPOIS DE CADA PROJETO Agilidade A Remotatec se compromete plenamente em cada fase de seus projetos, desde o planejamento at\u00e9 o suporte p\u00f3s-implanta\u00e7\u00e3o. Nossos servi\u00e7os abrangem Projetos, Implanta\u00e7\u00e3o e Suporte, garantindo a qualidade e efici\u00eancia necess\u00e1rias para opera\u00e7\u00f5es cr\u00edticas. Contamos com uma equipe experiente em desenvolver e implementar solu\u00e7\u00f5es [&hellip;]<\/p>\n","protected":false},"author":1,"featured_media":0,"parent":0,"menu_order":0,"comment_status":"closed","ping_status":"closed","template":"","meta":{"footnotes":""},"class_list":["post-10102","page","type-page","status-publish","hentry"],"yoast_head":"<!-- This site is optimized with the Yoast SEO plugin v27.4 - https:\/\/yoast.com\/product\/yoast-seo-wordpress\/ -->\n<title>Servi\u00e7os - REMOTATEC\u00ae<\/title>\n<meta name=\"robots\" content=\"index, follow, max-snippet:-1, max-image-preview:large, max-video-preview:-1\" \/>\n<link rel=\"canonical\" href=\"https:\/\/www.remotatec.com.br\/es\/servicios\/\" \/>\n<meta property=\"og:locale\" content=\"es_ES\" \/>\n<meta property=\"og:type\" content=\"article\" \/>\n<meta property=\"og:title\" content=\"Servi\u00e7os - REMOTATEC\u00ae\" \/>\n<meta property=\"og:description\" content=\"GARANTIA DE QUALIDADE ANTES, DURANTE E DEPOIS DE CADA PROJETO Agilidade A Remotatec se compromete plenamente em cada fase de seus projetos, desde o planejamento at\u00e9 o suporte p\u00f3s-implanta\u00e7\u00e3o. Nossos servi\u00e7os abrangem Projetos, Implanta\u00e7\u00e3o e Suporte, garantindo a qualidade e efici\u00eancia necess\u00e1rias para opera\u00e7\u00f5es cr\u00edticas. Contamos com uma equipe experiente em desenvolver e implementar solu\u00e7\u00f5es [&hellip;]\" \/>\n<meta property=\"og:url\" content=\"https:\/\/www.remotatec.com.br\/es\/servicios\/\" \/>\n<meta property=\"og:site_name\" content=\"REMOTATEC\u00ae\" \/>\n<meta property=\"article:modified_time\" content=\"2024-06-04T12:56:22+00:00\" \/>\n<meta property=\"og:image\" content=\"https:\/\/www.remotatec.com.br\/wp-content\/uploads\/2022\/07\/servicos-768x379.png\" \/>\n<meta name=\"twitter:card\" content=\"summary_large_image\" \/>\n<meta name=\"twitter:label1\" content=\"Tiempo de lectura\" \/>\n\t<meta name=\"twitter:data1\" content=\"2 minutos\" \/>\n<script type=\"application\/ld+json\" class=\"yoast-schema-graph\">{\"@context\":\"https:\\\/\\\/schema.org\",\"@graph\":[{\"@type\":\"WebPage\",\"@id\":\"https:\\\/\\\/www.remotatec.com.br\\\/servicos\\\/\",\"url\":\"https:\\\/\\\/www.remotatec.com.br\\\/servicos\\\/\",\"name\":\"Servi\u00e7os - REMOTATEC\u00ae\",\"isPartOf\":{\"@id\":\"https:\\\/\\\/www.remotatec.com.br\\\/br\\\/#website\"},\"primaryImageOfPage\":{\"@id\":\"https:\\\/\\\/www.remotatec.com.br\\\/servicos\\\/#primaryimage\"},\"image\":{\"@id\":\"https:\\\/\\\/www.remotatec.com.br\\\/servicos\\\/#primaryimage\"},\"thumbnailUrl\":\"https:\\\/\\\/www.remotatec.com.br\\\/wp-content\\\/uploads\\\/2022\\\/07\\\/servicos-768x379.png\",\"datePublished\":\"2022-07-29T16:53:44+00:00\",\"dateModified\":\"2024-06-04T12:56:22+00:00\",\"breadcrumb\":{\"@id\":\"https:\\\/\\\/www.remotatec.com.br\\\/servicos\\\/#breadcrumb\"},\"inLanguage\":\"es\",\"potentialAction\":[{\"@type\":\"ReadAction\",\"target\":[\"https:\\\/\\\/www.remotatec.com.br\\\/servicos\\\/\"]}]},{\"@type\":\"ImageObject\",\"inLanguage\":\"es\",\"@id\":\"https:\\\/\\\/www.remotatec.com.br\\\/servicos\\\/#primaryimage\",\"url\":\"https:\\\/\\\/www.remotatec.com.br\\\/wp-content\\\/uploads\\\/2022\\\/07\\\/servicos-768x379.png\",\"contentUrl\":\"https:\\\/\\\/www.remotatec.com.br\\\/wp-content\\\/uploads\\\/2022\\\/07\\\/servicos-768x379.png\"},{\"@type\":\"BreadcrumbList\",\"@id\":\"https:\\\/\\\/www.remotatec.com.br\\\/servicos\\\/#breadcrumb\",\"itemListElement\":[{\"@type\":\"ListItem\",\"position\":1,\"name\":\"In\u00edcio\",\"item\":\"https:\\\/\\\/www.remotatec.com.br\\\/br\\\/\"},{\"@type\":\"ListItem\",\"position\":2,\"name\":\"Servi\u00e7os\"}]},{\"@type\":\"WebSite\",\"@id\":\"https:\\\/\\\/www.remotatec.com.br\\\/br\\\/#website\",\"url\":\"https:\\\/\\\/www.remotatec.com.br\\\/br\\\/\",\"name\":\"REMOTATEC\u00ae\",\"description\":\"Tecnologia em Comunica\u00e7\u00e3o\",\"publisher\":{\"@id\":\"https:\\\/\\\/www.remotatec.com.br\\\/br\\\/#organization\"},\"potentialAction\":[{\"@type\":\"SearchAction\",\"target\":{\"@type\":\"EntryPoint\",\"urlTemplate\":\"https:\\\/\\\/www.remotatec.com.br\\\/br\\\/?s={search_term_string}\"},\"query-input\":{\"@type\":\"PropertyValueSpecification\",\"valueRequired\":true,\"valueName\":\"search_term_string\"}}],\"inLanguage\":\"es\"},{\"@type\":\"Organization\",\"@id\":\"https:\\\/\\\/www.remotatec.com.br\\\/br\\\/#organization\",\"name\":\"REMOTATEC\u00ae\",\"url\":\"https:\\\/\\\/www.remotatec.com.br\\\/br\\\/\",\"logo\":{\"@type\":\"ImageObject\",\"inLanguage\":\"es\",\"@id\":\"https:\\\/\\\/www.remotatec.com.br\\\/br\\\/#\\\/schema\\\/logo\\\/image\\\/\",\"url\":\"https:\\\/\\\/www.remotatec.com.br\\\/wp-content\\\/uploads\\\/2021\\\/12\\\/logo-remotatec.svg\",\"contentUrl\":\"https:\\\/\\\/www.remotatec.com.br\\\/wp-content\\\/uploads\\\/2021\\\/12\\\/logo-remotatec.svg\",\"width\":226.94999999999998863131622783839702606201171875,\"height\":39.530000000000001136868377216160297393798828125,\"caption\":\"REMOTATEC\u00ae\"},\"image\":{\"@id\":\"https:\\\/\\\/www.remotatec.com.br\\\/br\\\/#\\\/schema\\\/logo\\\/image\\\/\"},\"sameAs\":[\"https:\\\/\\\/www.linkedin.com\\\/company\\\/remotatec\\\/\",\"https:\\\/\\\/www.youtube.com\\\/channel\\\/UC4VaeFIp10CDSiGE2vdGizg\"]}]}<\/script>\n<!-- \/ Yoast SEO plugin. -->","yoast_head_json":{"title":"Servi\u00e7os - REMOTATEC\u00ae","robots":{"index":"index","follow":"follow","max-snippet":"max-snippet:-1","max-image-preview":"max-image-preview:large","max-video-preview":"max-video-preview:-1"},"canonical":"https:\/\/www.remotatec.com.br\/es\/servicios\/","og_locale":"es_ES","og_type":"article","og_title":"Servi\u00e7os - REMOTATEC\u00ae","og_description":"GARANTIA DE QUALIDADE ANTES, DURANTE E DEPOIS DE CADA PROJETO Agilidade A Remotatec se compromete plenamente em cada fase de seus projetos, desde o planejamento at\u00e9 o suporte p\u00f3s-implanta\u00e7\u00e3o. Nossos servi\u00e7os abrangem Projetos, Implanta\u00e7\u00e3o e Suporte, garantindo a qualidade e efici\u00eancia necess\u00e1rias para opera\u00e7\u00f5es cr\u00edticas. Contamos com uma equipe experiente em desenvolver e implementar solu\u00e7\u00f5es [&hellip;]","og_url":"https:\/\/www.remotatec.com.br\/es\/servicios\/","og_site_name":"REMOTATEC\u00ae","article_modified_time":"2024-06-04T12:56:22+00:00","og_image":[{"url":"https:\/\/www.remotatec.com.br\/wp-content\/uploads\/2022\/07\/servicos-768x379.png","type":"","width":"","height":""}],"twitter_card":"summary_large_image","twitter_misc":{"Tiempo de lectura":"2 minutos"},"schema":{"@context":"https:\/\/schema.org","@graph":[{"@type":"WebPage","@id":"https:\/\/www.remotatec.com.br\/servicos\/","url":"https:\/\/www.remotatec.com.br\/servicos\/","name":"Servi\u00e7os - REMOTATEC\u00ae","isPartOf":{"@id":"https:\/\/www.remotatec.com.br\/br\/#website"},"primaryImageOfPage":{"@id":"https:\/\/www.remotatec.com.br\/servicos\/#primaryimage"},"image":{"@id":"https:\/\/www.remotatec.com.br\/servicos\/#primaryimage"},"thumbnailUrl":"https:\/\/www.remotatec.com.br\/wp-content\/uploads\/2022\/07\/servicos-768x379.png","datePublished":"2022-07-29T16:53:44+00:00","dateModified":"2024-06-04T12:56:22+00:00","breadcrumb":{"@id":"https:\/\/www.remotatec.com.br\/servicos\/#breadcrumb"},"inLanguage":"es","potentialAction":[{"@type":"ReadAction","target":["https:\/\/www.remotatec.com.br\/servicos\/"]}]},{"@type":"ImageObject","inLanguage":"es","@id":"https:\/\/www.remotatec.com.br\/servicos\/#primaryimage","url":"https:\/\/www.remotatec.com.br\/wp-content\/uploads\/2022\/07\/servicos-768x379.png","contentUrl":"https:\/\/www.remotatec.com.br\/wp-content\/uploads\/2022\/07\/servicos-768x379.png"},{"@type":"BreadcrumbList","@id":"https:\/\/www.remotatec.com.br\/servicos\/#breadcrumb","itemListElement":[{"@type":"ListItem","position":1,"name":"In\u00edcio","item":"https:\/\/www.remotatec.com.br\/br\/"},{"@type":"ListItem","position":2,"name":"Servi\u00e7os"}]},{"@type":"WebSite","@id":"https:\/\/www.remotatec.com.br\/br\/#website","url":"https:\/\/www.remotatec.com.br\/br\/","name":"REMOTATEC\u00ae","description":"Tecnologia em Comunica\u00e7\u00e3o","publisher":{"@id":"https:\/\/www.remotatec.com.br\/br\/#organization"},"potentialAction":[{"@type":"SearchAction","target":{"@type":"EntryPoint","urlTemplate":"https:\/\/www.remotatec.com.br\/br\/?s={search_term_string}"},"query-input":{"@type":"PropertyValueSpecification","valueRequired":true,"valueName":"search_term_string"}}],"inLanguage":"es"},{"@type":"Organization","@id":"https:\/\/www.remotatec.com.br\/br\/#organization","name":"REMOTATEC\u00ae","url":"https:\/\/www.remotatec.com.br\/br\/","logo":{"@type":"ImageObject","inLanguage":"es","@id":"https:\/\/www.remotatec.com.br\/br\/#\/schema\/logo\/image\/","url":"https:\/\/www.remotatec.com.br\/wp-content\/uploads\/2021\/12\/logo-remotatec.svg","contentUrl":"https:\/\/www.remotatec.com.br\/wp-content\/uploads\/2021\/12\/logo-remotatec.svg","width":226.94999999999998863131622783839702606201171875,"height":39.530000000000001136868377216160297393798828125,"caption":"REMOTATEC\u00ae"},"image":{"@id":"https:\/\/www.remotatec.com.br\/br\/#\/schema\/logo\/image\/"},"sameAs":["https:\/\/www.linkedin.com\/company\/remotatec\/","https:\/\/www.youtube.com\/channel\/UC4VaeFIp10CDSiGE2vdGizg"]}]}},"_links":{"self":[{"href":"http:\/\/www.remotatec.com.br\/es\/wp-json\/wp\/v2\/pages\/10102","targetHints":{"allow":["GET"]}}],"collection":[{"href":"http:\/\/www.remotatec.com.br\/es\/wp-json\/wp\/v2\/pages"}],"about":[{"href":"http:\/\/www.remotatec.com.br\/es\/wp-json\/wp\/v2\/types\/page"}],"author":[{"embeddable":true,"href":"http:\/\/www.remotatec.com.br\/es\/wp-json\/wp\/v2\/users\/1"}],"replies":[{"embeddable":true,"href":"http:\/\/www.remotatec.com.br\/es\/wp-json\/wp\/v2\/comments?post=10102"}],"version-history":[{"count":0,"href":"http:\/\/www.remotatec.com.br\/es\/wp-json\/wp\/v2\/pages\/10102\/revisions"}],"wp:attachment":[{"href":"http:\/\/www.remotatec.com.br\/es\/wp-json\/wp\/v2\/media?parent=10102"}],"curies":[{"name":"wp","href":"https:\/\/api.w.org\/{rel}","templated":true}]}}